{"id":15136,"date":"2023-08-03T14:45:26","date_gmt":"2023-08-03T12:45:26","guid":{"rendered":"http:\/\/bgvitpa.cluster100.hosting.ovh.net\/\/?page_id=15136"},"modified":"2023-08-21T08:56:39","modified_gmt":"2023-08-21T06:56:39","slug":"proteccion-solar-redirect","status":"publish","type":"page","link":"https:\/\/my.nextpool.com\/es\/proteccion-solar-redirect\/","title":{"rendered":"Protecci\u00f3n solar"},"content":{"rendered":"\t\t<div data-elementor-type=\"wp-page\" data-elementor-id=\"15136\" class=\"elementor elementor-15136 elementor-15130\" data-elementor-post-type=\"page\">\n\t\t\t\t<div class=\"elementor-element elementor-element-c6e02f5 e-con-full e-flex e-con e-parent\" data-id=\"c6e02f5\" data-element_type=\"container\" data-e-type=\"container\" id=\"ban_inte\" data-settings=\"{&quot;background_background&quot;:&quot;classic&quot;}\">\n\t\t<div class=\"elementor-element elementor-element-df51c61 e-flex e-con-boxed e-con e-parent\" data-id=\"df51c61\" data-element_type=\"container\" data-e-type=\"container\">\n\t\t\t\t\t<div class=\"e-con-inner\">\n\t\t\t\t<div class=\"elementor-element elementor-element-ca1231c ban_titre elementor-widget elementor-widget-heading\" data-id=\"ca1231c\" data-element_type=\"widget\" data-e-type=\"widget\" data-widget_type=\"heading.default\">\n\t\t\t\t<div class=\"elementor-widget-container\">\n\t\t\t\t\t<h1 class=\"elementor-heading-title elementor-size-default\">Protecci\u00f3n solar\n        <\/h1>\t\t\t\t<\/div>\n\t\t\t\t<\/div>\n\t\t\t\t<div class=\"elementor-element elementor-element-dd2a103 elementor-widget elementor-widget-spacer\" data-id=\"dd2a103\" data-element_type=\"widget\" data-e-type=\"widget\" data-widget_type=\"spacer.default\">\n\t\t\t\t<div class=\"elementor-widget-container\">\n\t\t\t\t\t\t\t<div class=\"elementor-spacer\">\n\t\t\t<div class=\"elementor-spacer-inner\"><\/div>\n\t\t<\/div>\n\t\t\t\t\t\t<\/div>\n\t\t\t\t<\/div>\n\t\t\t\t<div class=\"elementor-element elementor-element-32e5bb5 breadcrumbs elementor-widget elementor-widget-breadcrumbs\" data-id=\"32e5bb5\" data-element_type=\"widget\" data-e-type=\"widget\" data-widget_type=\"breadcrumbs.default\">\n\t\t\t\t<div class=\"elementor-widget-container\">\n\t\t\t\t\t<p id=\"breadcrumbs\"><span><span><a href=\"https:\/\/my.nextpool.com\/es\/\">Inicio<\/a><\/span><\/span><\/p>\t\t\t\t<\/div>\n\t\t\t\t<\/div>\n\t\t\t\t\t<\/div>\n\t\t\t\t<\/div>\n\t\t\t\t<div class=\"elementor-element elementor-element-79860aa elementor-widget__width-inherit ban_wave elementor-view-default elementor-widget elementor-widget-icon\" data-id=\"79860aa\" data-element_type=\"widget\" data-e-type=\"widget\" data-widget_type=\"icon.default\">\n\t\t\t\t<div class=\"elementor-widget-container\">\n\t\t\t\t\t\t\t<div class=\"elementor-icon-wrapper\">\n\t\t\t<div class=\"elementor-icon\">\n\t\t\t<svg xmlns=\"http:\/\/www.w3.org\/2000\/svg\" xmlns:xlink=\"http:\/\/www.w3.org\/1999\/xlink\" id=\"Calque_2_00000106143878814940935840000007845906235650579092_\" x=\"0px\" y=\"0px\" viewBox=\"0 0 1660.4 75.6\" style=\"enable-background:new 0 0 1660.4 75.6;\" xml:space=\"preserve\"> <style type=\"text\/css\"> .st0{fill:#FFFFFF;} <\/style> <g id=\"Calque_2-2\"> <path class=\"st0\" d=\"M1302.1,25.5c-58.3-7.5-115.7-15.5-178.2-21c-96.2-8.4-185.3-4.8-268.2,9.3c-10.9,1.9-25.6,4.4-25.6,4.4 C720.1,39,589.3,40.7,472,25.5C413.7,18,356.3,10,293.8,4.5c-96.1-8.4-185.3-4.8-268.2,9.3C14.7,15.7,0,18.2,0,18.2v57.5l830.1-0.1 v0.1h830.3V18.1C1550.3,38.9,1419.5,40.7,1302.1,25.5L1302.1,25.5z\"><\/path> <\/g> <\/svg>\t\t\t<\/div>\n\t\t<\/div>\n\t\t\t\t\t\t<\/div>\n\t\t\t\t<\/div>\n\t\t\t\t<\/div>\n\t\t<div class=\"elementor-element elementor-element-9a1f684 blocs_vignettes_solaire e-flex e-con-boxed e-con e-parent\" data-id=\"9a1f684\" data-element_type=\"container\" data-e-type=\"container\">\n\t\t\t\t\t<div class=\"e-con-inner\">\n\t\t<div class=\"elementor-element elementor-element-3755b21 e-flex e-con-boxed e-con e-parent\" data-id=\"3755b21\" data-element_type=\"container\" data-e-type=\"container\">\n\t\t\t\t\t<div class=\"e-con-inner\">\n\t\t\t\t<div class=\"elementor-element elementor-element-ba8db02 elementor-widget elementor-widget-heading\" data-id=\"ba8db02\" data-element_type=\"widget\" data-e-type=\"widget\" data-widget_type=\"heading.default\">\n\t\t\t\t<div class=\"elementor-widget-container\">\n\t\t\t\t\t<h2 class=\"elementor-heading-title elementor-size-default\">Para obtener m\u00e1s informaci\u00f3n sobre nuestros productos de protecci\u00f3n solar, p\u00f3ngase en contacto con su representante de ventas.<\/h2>\t\t\t\t<\/div>\n\t\t\t\t<\/div>\n\t\t\t\t\t<\/div>\n\t\t\t\t<\/div>\n\t\t\t\t\t<\/div>\n\t\t\t\t<\/div>\n\t\t<div class=\"elementor-element elementor-element-3dd8d5d e-con-full e-flex e-con e-parent\" data-id=\"3dd8d5d\" data-element_type=\"container\" data-e-type=\"container\">\n\t\t\t\t<div class=\"elementor-element elementor-element-2f900bc elementor-widget elementor-widget-template\" data-id=\"2f900bc\" data-element_type=\"widget\" data-e-type=\"widget\" data-widget_type=\"template.default\">\n\t\t\t\t<div class=\"elementor-widget-container\">\n\t\t\t\t\t\t\t<div class=\"elementor-template\">\n\t\t\t\t\t<div data-elementor-type=\"container\" data-elementor-id=\"14454\" class=\"elementor elementor-14454 elementor-1754 elementor-1754\" data-elementor-post-type=\"elementor_library\">\n\t\t\t\t<div class=\"elementor-element elementor-element-45049ee e-con-full e-flex e-con e-parent\" data-id=\"45049ee\" data-element_type=\"container\" data-e-type=\"container\">\n\t\t\t\t<\/div>\n\t\t<div class=\"elementor-element elementor-element-06daea6 e-flex e-con-boxed e-con e-parent\" data-id=\"06daea6\" data-element_type=\"container\" data-e-type=\"container\" id=\"supfooter_delais\">\n\t\t\t\t\t<div class=\"e-con-inner\">\n\t\t\t\t<div class=\"elementor-element elementor-element-a7735a2 titre_supfooter elementor-widget elementor-widget-heading\" data-id=\"a7735a2\" data-element_type=\"widget\" data-e-type=\"widget\" data-widget_type=\"heading.default\">\n\t\t\t\t<div class=\"elementor-widget-container\">\n\t\t\t\t\t<div class=\"elementor-heading-title elementor-size-default\">Para m\u00e1s informaci\u00f3n\n         <br><span>sobre los plazos de fabricaci\u00f3n\n        <\/span><\/div>\t\t\t\t<\/div>\n\t\t\t\t<\/div>\n\t\t\t\t<div class=\"elementor-element elementor-element-f7a2a7e elementor-align-center btn_supfooter elementor-widget elementor-widget-button\" data-id=\"f7a2a7e\" data-element_type=\"widget\" data-e-type=\"widget\" data-widget_type=\"button.default\">\n\t\t\t\t<div class=\"elementor-widget-container\">\n\t\t\t\t\t\t\t\t\t<div class=\"elementor-button-wrapper\">\n\t\t\t\t\t<a class=\"elementor-button elementor-button-link elementor-size-sm\" href=\"http:\/\/my.nextpool.com\/es\/plazos-de-fabricacion\/\">\n\t\t\t\t\t\t<span class=\"elementor-button-content-wrapper\">\n\t\t\t\t\t\t<span class=\"elementor-button-icon\">\n\t\t\t\t<svg xmlns=\"http:\/\/www.w3.org\/2000\/svg\" id=\"uuid-284732d1-36e8-490f-b69d-06cb39565ff7\" viewBox=\"0 0 36 41.95\"><path d=\"m12,3V0h12v3h-12Zm4.5,22.35h3v-11.5h-3v11.5Zm1.5,16.6c-2.47,0-4.79-.47-6.98-1.42-2.18-.95-4.09-2.24-5.72-3.88-1.63-1.63-2.93-3.54-3.88-5.72-.95-2.18-1.43-4.51-1.43-6.98s.47-4.79,1.43-6.98c.95-2.18,2.24-4.09,3.88-5.73s3.54-2.93,5.72-3.88c2.18-.95,4.51-1.43,6.98-1.43,2.23,0,4.33.38,6.3,1.12,1.97.75,3.72,1.79,5.25,3.12l2.55-2.55,2.1,2.1-2.55,2.55c1.2,1.33,2.22,2.95,3.08,4.85.85,1.9,1.28,4.17,1.28,6.8,0,2.47-.48,4.79-1.42,6.97-.95,2.18-2.24,4.09-3.88,5.73-1.63,1.63-3.54,2.92-5.73,3.88-2.18.95-4.51,1.42-6.98,1.42Zm0-3c4.17,0,7.71-1.46,10.62-4.38,2.92-2.92,4.38-6.46,4.38-10.62s-1.46-7.71-4.38-10.62c-2.92-2.92-6.46-4.38-10.62-4.38-4.17,0-7.71,1.46-10.62,4.38-2.92,2.92-4.38,6.46-4.38,10.63s1.46,7.71,4.38,10.62c2.92,2.92,6.46,4.38,10.62,4.38Z\"><\/path><\/svg>\t\t\t<\/span>\n\t\t\t\t\t\t\t\t\t<span class=\"elementor-button-text\">Ver plazos\n        <\/span>\n\t\t\t\t\t<\/span>\n\t\t\t\t\t<\/a>\n\t\t\t\t<\/div>\n\t\t\t\t\t\t\t\t<\/div>\n\t\t\t\t<\/div>\n\t\t\t\t\t<\/div>\n\t\t\t\t<\/div>\n\t\t\t\t<\/div>\n\t\t\t\t<\/div>\n\t\t\t\t\t\t<\/div>\n\t\t\t\t<\/div>\n\t\t\t\t<\/div>\n\t\t<div class=\"elementor-element elementor-element-32bed93 e-flex e-con-boxed e-con e-parent\" data-id=\"32bed93\" data-element_type=\"container\" data-e-type=\"container\">\n\t\t\t\t\t<div class=\"e-con-inner\">\n\t\t\t\t\t<\/div>\n\t\t\t\t<\/div>\n\t\t\t\t<\/div>\n\t\t","protected":false},"excerpt":{"rendered":"<p>Protecci\u00f3n solar Para obtener m\u00e1s informaci\u00f3n sobre nuestros productos de protecci\u00f3n solar, p\u00f3ngase en contacto con su representante de ventas.<\/p>\n","protected":false},"author":11,"featured_media":0,"parent":0,"menu_order":0,"comment_status":"closed","ping_status":"closed","template":"","meta":{"_acf_changed":false,"inline_featured_image":false,"footnotes":""},"class_list":["post-15136","page","type-page","status-publish","hentry"],"acf":[],"yoast_head":"<!-- This site is optimized with the Yoast SEO plugin v27.3 - https:\/\/yoast.com\/product\/yoast-seo-wordpress\/ -->\n<title>Protecci\u00f3n solar - My Nextpool<\/title>\n<meta name=\"robots\" content=\"noindex, follow, max-snippet:-1, max-image-preview:large, max-video-preview:-1\" \/>\n<meta property=\"og:locale\" content=\"es_ES\" \/>\n<meta property=\"og:type\" content=\"article\" \/>\n<meta property=\"og:title\" content=\"Protecci\u00f3n solar - My Nextpool\" \/>\n<meta property=\"og:description\" content=\"Protecci\u00f3n solar Para obtener m\u00e1s informaci\u00f3n sobre nuestros productos de protecci\u00f3n solar, p\u00f3ngase en contacto con su representante de ventas.\" \/>\n<meta property=\"og:url\" content=\"https:\/\/my.nextpool.com\/es\/proteccion-solar-redirect\/\" \/>\n<meta property=\"og:site_name\" content=\"My Nextpool\" \/>\n<meta property=\"article:modified_time\" content=\"2023-08-21T06:56:39+00:00\" \/>\n<meta name=\"twitter:card\" content=\"summary_large_image\" \/>\n<meta name=\"twitter:label1\" content=\"Est. reading time\" \/>\n\t<meta name=\"twitter:data1\" content=\"1 minute\" \/>\n<script type=\"application\/ld+json\" class=\"yoast-schema-graph\">{\"@context\":\"https:\\\/\\\/schema.org\",\"@graph\":[{\"@type\":\"WebPage\",\"@id\":\"https:\\\/\\\/my.nextpool.com\\\/es\\\/proteccion-solar-redirect\\\/\",\"url\":\"https:\\\/\\\/my.nextpool.com\\\/es\\\/proteccion-solar-redirect\\\/\",\"name\":\"Protecci\u00f3n solar - My Nextpool\",\"isPartOf\":{\"@id\":\"https:\\\/\\\/my.nextpool.com\\\/es\\\/#website\"},\"datePublished\":\"2023-08-03T12:45:26+00:00\",\"dateModified\":\"2023-08-21T06:56:39+00:00\",\"breadcrumb\":{\"@id\":\"https:\\\/\\\/my.nextpool.com\\\/es\\\/proteccion-solar-redirect\\\/#breadcrumb\"},\"inLanguage\":\"es-ES\",\"potentialAction\":[{\"@type\":\"ReadAction\",\"target\":[\"https:\\\/\\\/my.nextpool.com\\\/es\\\/proteccion-solar-redirect\\\/\"]}]},{\"@type\":\"BreadcrumbList\",\"@id\":\"https:\\\/\\\/my.nextpool.com\\\/es\\\/proteccion-solar-redirect\\\/#breadcrumb\",\"itemListElement\":[{\"@type\":\"ListItem\",\"position\":1,\"name\":\"Inicio\",\"item\":\"https:\\\/\\\/my.nextpool.com\\\/es\\\/\"},{\"@type\":\"ListItem\",\"position\":2,\"name\":\"Protecci\u00f3n solar\"}]},{\"@type\":\"WebSite\",\"@id\":\"https:\\\/\\\/my.nextpool.com\\\/es\\\/#website\",\"url\":\"https:\\\/\\\/my.nextpool.com\\\/es\\\/\",\"name\":\"My Nextpool\",\"description\":\"\",\"publisher\":{\"@id\":\"https:\\\/\\\/my.nextpool.com\\\/es\\\/#organization\"},\"potentialAction\":[{\"@type\":\"SearchAction\",\"target\":{\"@type\":\"EntryPoint\",\"urlTemplate\":\"https:\\\/\\\/my.nextpool.com\\\/es\\\/?s={search_term_string}\"},\"query-input\":{\"@type\":\"PropertyValueSpecification\",\"valueRequired\":true,\"valueName\":\"search_term_string\"}}],\"inLanguage\":\"es-ES\"},{\"@type\":\"Organization\",\"@id\":\"https:\\\/\\\/my.nextpool.com\\\/es\\\/#organization\",\"name\":\"My Nextpool\",\"url\":\"https:\\\/\\\/my.nextpool.com\\\/es\\\/\",\"logo\":{\"@type\":\"ImageObject\",\"inLanguage\":\"es-ES\",\"@id\":\"https:\\\/\\\/my.nextpool.com\\\/es\\\/#\\\/schema\\\/logo\\\/image\\\/\",\"url\":\"https:\\\/\\\/my.nextpool.com\\\/wp-content\\\/uploads\\\/2025\\\/07\\\/picto-titre-color.svg\",\"contentUrl\":\"https:\\\/\\\/my.nextpool.com\\\/wp-content\\\/uploads\\\/2025\\\/07\\\/picto-titre-color.svg\",\"caption\":\"My Nextpool\"},\"image\":{\"@id\":\"https:\\\/\\\/my.nextpool.com\\\/es\\\/#\\\/schema\\\/logo\\\/image\\\/\"}}]}<\/script>\n<!-- \/ Yoast SEO plugin. -->","yoast_head_json":{"title":"Protecci\u00f3n solar - My Nextpool","robots":{"index":"noindex","follow":"follow","max-snippet":"max-snippet:-1","max-image-preview":"max-image-preview:large","max-video-preview":"max-video-preview:-1"},"og_locale":"es_ES","og_type":"article","og_title":"Protecci\u00f3n solar - My Nextpool","og_description":"Protecci\u00f3n solar Para obtener m\u00e1s informaci\u00f3n sobre nuestros productos de protecci\u00f3n solar, p\u00f3ngase en contacto con su representante de ventas.","og_url":"https:\/\/my.nextpool.com\/es\/proteccion-solar-redirect\/","og_site_name":"My Nextpool","article_modified_time":"2023-08-21T06:56:39+00:00","twitter_card":"summary_large_image","twitter_misc":{"Est. reading time":"1 minute"},"schema":{"@context":"https:\/\/schema.org","@graph":[{"@type":"WebPage","@id":"https:\/\/my.nextpool.com\/es\/proteccion-solar-redirect\/","url":"https:\/\/my.nextpool.com\/es\/proteccion-solar-redirect\/","name":"Protecci\u00f3n solar - My Nextpool","isPartOf":{"@id":"https:\/\/my.nextpool.com\/es\/#website"},"datePublished":"2023-08-03T12:45:26+00:00","dateModified":"2023-08-21T06:56:39+00:00","breadcrumb":{"@id":"https:\/\/my.nextpool.com\/es\/proteccion-solar-redirect\/#breadcrumb"},"inLanguage":"es-ES","potentialAction":[{"@type":"ReadAction","target":["https:\/\/my.nextpool.com\/es\/proteccion-solar-redirect\/"]}]},{"@type":"BreadcrumbList","@id":"https:\/\/my.nextpool.com\/es\/proteccion-solar-redirect\/#breadcrumb","itemListElement":[{"@type":"ListItem","position":1,"name":"Inicio","item":"https:\/\/my.nextpool.com\/es\/"},{"@type":"ListItem","position":2,"name":"Protecci\u00f3n solar"}]},{"@type":"WebSite","@id":"https:\/\/my.nextpool.com\/es\/#website","url":"https:\/\/my.nextpool.com\/es\/","name":"My Nextpool","description":"","publisher":{"@id":"https:\/\/my.nextpool.com\/es\/#organization"},"potentialAction":[{"@type":"SearchAction","target":{"@type":"EntryPoint","urlTemplate":"https:\/\/my.nextpool.com\/es\/?s={search_term_string}"},"query-input":{"@type":"PropertyValueSpecification","valueRequired":true,"valueName":"search_term_string"}}],"inLanguage":"es-ES"},{"@type":"Organization","@id":"https:\/\/my.nextpool.com\/es\/#organization","name":"My Nextpool","url":"https:\/\/my.nextpool.com\/es\/","logo":{"@type":"ImageObject","inLanguage":"es-ES","@id":"https:\/\/my.nextpool.com\/es\/#\/schema\/logo\/image\/","url":"https:\/\/my.nextpool.com\/wp-content\/uploads\/2025\/07\/picto-titre-color.svg","contentUrl":"https:\/\/my.nextpool.com\/wp-content\/uploads\/2025\/07\/picto-titre-color.svg","caption":"My Nextpool"},"image":{"@id":"https:\/\/my.nextpool.com\/es\/#\/schema\/logo\/image\/"}}]}},"_links":{"self":[{"href":"https:\/\/my.nextpool.com\/es\/wp-json\/wp\/v2\/pages\/15136","targetHints":{"allow":["GET"]}}],"collection":[{"href":"https:\/\/my.nextpool.com\/es\/wp-json\/wp\/v2\/pages"}],"about":[{"href":"https:\/\/my.nextpool.com\/es\/wp-json\/wp\/v2\/types\/page"}],"author":[{"embeddable":true,"href":"https:\/\/my.nextpool.com\/es\/wp-json\/wp\/v2\/users\/11"}],"replies":[{"embeddable":true,"href":"https:\/\/my.nextpool.com\/es\/wp-json\/wp\/v2\/comments?post=15136"}],"version-history":[{"count":0,"href":"https:\/\/my.nextpool.com\/es\/wp-json\/wp\/v2\/pages\/15136\/revisions"}],"wp:attachment":[{"href":"https:\/\/my.nextpool.com\/es\/wp-json\/wp\/v2\/media?parent=15136"}],"curies":[{"name":"wp","href":"https:\/\/api.w.org\/{rel}","templated":true}]}}